{"id":541,"date":"2017-03-12T17:02:55","date_gmt":"2017-03-12T22:02:55","guid":{"rendered":"https:\/\/ottawa.patenaudemartialarts.com\/?page_id=541\/"},"modified":"2017-03-12T17:09:06","modified_gmt":"2017-03-12T22:09:06","slug":"programmes-ottawa-ecole-arts-martiaux-kickboxing-mma","status":"publish","type":"page","link":"https:\/\/ottawa.patenaudemartialarts.com\/fr\/ottawa-arts-martiaux-kickboxing-mma\/programmes-ottawa-ecole-arts-martiaux-kickboxing-mma\/","title":{"rendered":"Programmes Populaires"},"content":{"rendered":"\n<style type=\"text\/css\" data-created_by=\"avia_inline_auto\" id=\"style-css-av-av_section-2fe31ecbd5feb94b30af280bec0dc287\">\n.avia-section.av-av_section-2fe31ecbd5feb94b30af280bec0dc287 .av-section-color-overlay{\nopacity:1;\nbackground-image:url(https:\/\/ottawa.patenaudemartialarts.com\/wp-content\/themes\/enfold\/images\/background-images\/wool-diagonal-for-light-background.png);\nbackground-repeat:repeat;\n}\n<\/style>\n<div id='av_section_1'  class='avia-section av-av_section-2fe31ecbd5feb94b30af280bec0dc287 main_color avia-section-default avia-no-shadow  avia-builder-el-0  el_before_av_one_full  avia-builder-el-first  avia-bg-style-scroll av-section-color-overlay-active container_wrap sidebar_right'  ><div class=\"av-section-color-overlay-wrap\"><div class=\"av-section-color-overlay\"><\/div><div class='container av-section-cont-open' ><main  role=\"main\" itemprop=\"mainContentOfPage\"  class='template-page content  av-content-small alpha units'><div class='post-entry post-entry-type-page post-entry-541'><div class='entry-content-wrapper clearfix'>\n\n<style type=\"text\/css\" data-created_by=\"avia_inline_auto\" id=\"style-css-av-av_heading-adb0957cf0f581a406934aa23b741204\">\n#top .av-special-heading.av-av_heading-adb0957cf0f581a406934aa23b741204{\npadding-bottom:0;\n}\nbody .av-special-heading.av-av_heading-adb0957cf0f581a406934aa23b741204 .av-special-heading-tag .heading-char{\nfont-size:25px;\n}\n.av-special-heading.av-av_heading-adb0957cf0f581a406934aa23b741204 .av-subheading{\nfont-size:15px;\n}\n<\/style>\n<div  class='av-special-heading av-av_heading-adb0957cf0f581a406934aa23b741204 av-special-heading-h1 blockquote modern-quote  avia-builder-el-1  avia-builder-el-no-sibling '><h1 class='av-special-heading-tag '  itemprop=\"headline\"  >PROGRAMMES D\u2019ARTS MARTIAUX OTTAWA<\/h1><div class=\"special-heading-border\"><div class=\"special-heading-inner-border\"><\/div><\/div><\/div>\n<\/div><\/div><\/main><!-- close content main element --><\/div><\/div><\/div><div id='after_section_1'  class='main_color av_default_container_wrap container_wrap sidebar_right'  ><div class='container av-section-cont-open' ><div class='template-page content  av-content-small alpha units'><div class='post-entry post-entry-type-page post-entry-541'><div class='entry-content-wrapper clearfix'>\n\n<style type=\"text\/css\" data-created_by=\"avia_inline_auto\" id=\"style-css-av-av_one_full-9497bbf8bff73ea4c6992cc17fa9ec36\">\n.flex_column.av-av_one_full-9497bbf8bff73ea4c6992cc17fa9ec36{\nborder-radius:0px 0px 0px 0px;\npadding:0px 0px 0px 0px;\n}\n<\/style>\n<div  class='flex_column av-av_one_full-9497bbf8bff73ea4c6992cc17fa9ec36 av_one_full  avia-builder-el-2  el_after_av_section  el_before_av_one_half  avia-builder-el-first  first flex_column_div av-zero-column-padding  '     ><section  class='av_textblock_section av-av_textblock-283972ea15f2e73870c23e2d6de3245d '   itemscope=\"itemscope\" itemtype=\"https:\/\/schema.org\/CreativeWork\" ><div class='avia_textblock'  itemprop=\"text\" ><h2>Classes d&rsquo;arts martiaux\u00a0Ottawa<\/h2>\n<p>Les Arts Martiaux Patenaude existent depuis plus de 30 ans, et tout au long de ce ann\u00e9es, nous avons d\u00e9velopp\u00e9 et innov\u00e9 divers arts de combat et d&rsquo;auto-d\u00e9fense. Si vous d\u00e9cidez de vous inscrire, ou simplement venir nous essayer, nous garantissons qu&rsquo;au moins un des programmes ci-dessous r\u00e9pondra \u00e0 vos besoins.<\/p>\n<\/div><\/section><\/div>\n\n<style type=\"text\/css\" data-created_by=\"avia_inline_auto\" id=\"style-css-av-av_one_half-9497bbf8bff73ea4c6992cc17fa9ec36\">\n.flex_column.av-av_one_half-9497bbf8bff73ea4c6992cc17fa9ec36{\nborder-radius:0px 0px 0px 0px;\npadding:0px 0px 0px 0px;\n}\n<\/style>\n<div  class='flex_column av-av_one_half-9497bbf8bff73ea4c6992cc17fa9ec36 av_one_half  avia-builder-el-4  el_after_av_one_full  el_before_av_one_half  first flex_column_div av-zero-column-padding  column-top-margin'     ><section  class='av_textblock_section av-av_textblock-35972167d9f102c5ddaec0c531c98b9e '   itemscope=\"itemscope\" itemtype=\"https:\/\/schema.org\/CreativeWork\" ><div class='avia_textblock'  itemprop=\"text\" ><h3>Conditionnement Physique:<\/h3>\n<p>Si le conditionnement physique vous int\u00e9resse, consid\u00e9rez nos programmes de <strong>Sant\u00e9 &amp; Formation Physique<\/strong>, <strong>Kickboxing\/MMA<\/strong>, ou de <strong>Kung-Fu\/Auto-d\u00e9fense<\/strong>. Ces cours favorisent l&rsquo;exercise physique de haute intensit\u00e9 afin d&rsquo;am\u00e9liorer l&rsquo;agilit\u00e9, les r\u00e9flexes et bien plus.<\/p>\n<h3>Auto-D\u00e9fense:<\/h3>\n<p>Avec un objectif d&rsquo;auto-d\u00e9fense \u00e0 l&rsquo;esprit, consid\u00e9rez nos programmes de <strong>Kickboxing \/ MMA<\/strong>, <strong>Auto-D\u00e9fense\/Kung-Fu<\/strong> et les <strong>classes arm\u00e9s<\/strong>. En mettant l&rsquo;accent sur des techniques r\u00e9elles, utilisables et efficaces, vous apprendrez \u00e0 vous d\u00e9fendre. Le contr\u00f4le, la force, la technique et la concentration sont des comp\u00e9tences essentielles que vous d\u00e9velopperez en transformant votre corps en une machine efficace.<\/p>\n<h3><\/h3>\n<\/div><\/section><\/div>\n\n<style type=\"text\/css\" data-created_by=\"avia_inline_auto\" id=\"style-css-av-av_one_half-9c1d454dc06f7247226bc4e8f931daae\">\n.flex_column.av-av_one_half-9c1d454dc06f7247226bc4e8f931daae{\nborder-radius:0px 0px 0px 0px;\npadding:0px 0px 0px 0px;\n}\n<\/style>\n<div  class='flex_column av-av_one_half-9c1d454dc06f7247226bc4e8f931daae av_one_half  avia-builder-el-6  el_after_av_one_half  el_before_av_one_full  flex_column_div av-zero-column-padding  column-top-margin'     ><section  class='av_textblock_section av-av_textblock-35972167d9f102c5ddaec0c531c98b9e '   itemscope=\"itemscope\" itemtype=\"https:\/\/schema.org\/CreativeWork\" ><div class='avia_textblock'  itemprop=\"text\" ><h3>Conditionnement pour Enfants:<\/h3>\n<p>Les enfants ont toujours \u00e9t\u00e9 en vedette chez Patenaude et b\u00e9n\u00e9ficieront autant (sinon plus!) de <strong>nos programmes de conditionnement pour enfants<\/strong>. Les enfants s&rsquo;entra\u00eenent pour d\u00e9velopper la confiance et la capacit\u00e9 physique, gagner l&rsquo;ind\u00e9pendance, devenir plus heureux et apprendre \u00e0 prendre de bonnes d\u00e9cisions.<\/p>\n<h3>D\u00e9veloppement Personnel :<\/h3>\n<p>La formation des arts martiaux est un moyen d&rsquo;am\u00e9liorer chaque domaine de votre vie. Beaucoup de nos programmes vous apporteront des changements positifs, donnez leur un coup d\u2019\u0153il afin de voir quels changements vous pouvez vous attendre de voir dans votre vie.<\/p>\n<h3><\/h3>\n<\/div><\/section><\/div>\n\n<style type=\"text\/css\" data-created_by=\"avia_inline_auto\" id=\"style-css-av-av_one_full-6126cab7d8fab8d08143dd2dacdf673c\">\n.flex_column.av-av_one_full-6126cab7d8fab8d08143dd2dacdf673c{\nborder-radius:0px 0px 0px 0px;\npadding:0px 0px 0px 0px;\n}\n<\/style>\n<div  class='flex_column av-av_one_full-6126cab7d8fab8d08143dd2dacdf673c av_one_full  avia-builder-el-8  el_after_av_one_half  el_before_av_hr  first flex_column_div av-zero-column-padding  column-top-margin'     ><div  id=\"av-sc-portfolio-1\"  class=' grid-sort-container isotope   no_margin-container with-excerpt-container grid-total-odd grid-col-3 grid-links-' data-portfolio-id='1'><div data-ajax-id='530' class=' grid-entry flex_column isotope-item all_sort no_margin post-entry post-entry-530 grid-entry-overview grid-loop-1 grid-parity-odd  classes-fr_sort  av_one_third first default_av_fullwidth '><article class='main_color inner-entry'  itemscope=\"itemscope\" itemtype=\"https:\/\/schema.org\/CreativeWork\" ><a href=\"https:\/\/ottawa.patenaudemartialarts.com\/fr\/ottawa-martial-arts-kickboxing-mma\/programs\/programme-classes-art-martiaux-ottawa\/\" title='Arts Martiaux'  data-rel='grid-1' class='grid-image avia-hover-fx'> <img decoding=\"async\" fetchpriority=\"high\" width=\"320\" height=\"214\" src=\"https:\/\/ottawa.patenaudemartialarts.com\/wp-content\/uploads\/sites\/6\/2017\/03\/ottawa-martial-arts-kickboxing-mma-schools-self-defence-1.jpeg\" class=\"wp-image-573 avia-img-lazy-loading-not-573 attachment-portfolio size-portfolio wp-post-image\" alt=\"\" srcset=\"https:\/\/ottawa.patenaudemartialarts.com\/wp-content\/uploads\/sites\/6\/2017\/03\/ottawa-martial-arts-kickboxing-mma-schools-self-defence-1.jpeg 320w, https:\/\/ottawa.patenaudemartialarts.com\/wp-content\/uploads\/sites\/6\/2017\/03\/ottawa-martial-arts-kickboxing-mma-schools-self-defence-1-300x201.jpeg 300w\" sizes=\"(max-width: 320px) 100vw, 320px\" \/><\/a><div class='grid-content'><div class='avia-arrow'><\/div><header class=\"entry-content-header\" aria-label=\"Portfolio : Arts Martiaux\"><h3 class='grid-entry-title entry-title '  itemprop=\"headline\" ><a href='https:\/\/ottawa.patenaudemartialarts.com\/fr\/ottawa-martial-arts-kickboxing-mma\/programs\/programme-classes-art-martiaux-ottawa\/' title='Arts Martiaux'>Arts Martiaux<\/a><\/h3><\/header><\/div><footer class=\"entry-footer\"><\/footer><\/article><\/div><div data-ajax-id='532' class=' grid-entry flex_column isotope-item all_sort no_margin post-entry post-entry-532 grid-entry-overview grid-loop-2 grid-parity-even  classes-fr_sort  av_one_third  default_av_fullwidth '><article class='main_color inner-entry'  itemscope=\"itemscope\" itemtype=\"https:\/\/schema.org\/CreativeWork\" ><a href=\"https:\/\/ottawa.patenaudemartialarts.com\/fr\/ottawa-martial-arts-kickboxing-mma\/programs\/programme-classes-kickboxing-ottawa\/\" title='Kickboxing'  data-rel='grid-1' class='grid-image avia-hover-fx'> <img decoding=\"async\" fetchpriority=\"high\" width=\"320\" height=\"214\" src=\"https:\/\/ottawa.patenaudemartialarts.com\/wp-content\/uploads\/sites\/6\/2017\/03\/ottawa-martial-arts-kickboxing-mma-schools-kickboxing-1.jpeg\" class=\"wp-image-571 avia-img-lazy-loading-not-571 attachment-portfolio size-portfolio wp-post-image\" alt=\"\" srcset=\"https:\/\/ottawa.patenaudemartialarts.com\/wp-content\/uploads\/sites\/6\/2017\/03\/ottawa-martial-arts-kickboxing-mma-schools-kickboxing-1.jpeg 320w, https:\/\/ottawa.patenaudemartialarts.com\/wp-content\/uploads\/sites\/6\/2017\/03\/ottawa-martial-arts-kickboxing-mma-schools-kickboxing-1-300x201.jpeg 300w\" sizes=\"(max-width: 320px) 100vw, 320px\" \/><\/a><div class='grid-content'><div class='avia-arrow'><\/div><header class=\"entry-content-header\" aria-label=\"Portfolio : Kickboxing\"><h3 class='grid-entry-title entry-title '  itemprop=\"headline\" ><a href='https:\/\/ottawa.patenaudemartialarts.com\/fr\/ottawa-martial-arts-kickboxing-mma\/programs\/programme-classes-kickboxing-ottawa\/' title='Kickboxing'>Kickboxing<\/a><\/h3><\/header><\/div><footer class=\"entry-footer\"><\/footer><\/article><\/div><div data-ajax-id='523' class=' grid-entry flex_column isotope-item all_sort no_margin post-entry post-entry-523 grid-entry-overview grid-loop-3 grid-parity-odd  post-entry-last  classes-fr_sort  av_one_third  default_av_fullwidth '><article class='main_color inner-entry'  itemscope=\"itemscope\" itemtype=\"https:\/\/schema.org\/CreativeWork\" ><a href=\"https:\/\/ottawa.patenaudemartialarts.com\/fr\/ottawa-martial-arts-kickboxing-mma\/programs\/programme-classes-mma-ottawa\/\" title='MMA'  data-rel='grid-1' class='grid-image avia-hover-fx'> <img decoding=\"async\" fetchpriority=\"high\" width=\"320\" height=\"214\" src=\"https:\/\/ottawa.patenaudemartialarts.com\/wp-content\/uploads\/sites\/6\/2017\/03\/ottawa-martial-arts-kickboxing-mma-schools-mixed-martial-arts-1.jpeg\" class=\"wp-image-572 avia-img-lazy-loading-not-572 attachment-portfolio size-portfolio wp-post-image\" alt=\"\" srcset=\"https:\/\/ottawa.patenaudemartialarts.com\/wp-content\/uploads\/sites\/6\/2017\/03\/ottawa-martial-arts-kickboxing-mma-schools-mixed-martial-arts-1.jpeg 320w, https:\/\/ottawa.patenaudemartialarts.com\/wp-content\/uploads\/sites\/6\/2017\/03\/ottawa-martial-arts-kickboxing-mma-schools-mixed-martial-arts-1-300x201.jpeg 300w\" sizes=\"(max-width: 320px) 100vw, 320px\" \/><\/a><div class='grid-content'><div class='avia-arrow'><\/div><header class=\"entry-content-header\" aria-label=\"Portfolio : MMA\"><h3 class='grid-entry-title entry-title '  itemprop=\"headline\" ><a href='https:\/\/ottawa.patenaudemartialarts.com\/fr\/ottawa-martial-arts-kickboxing-mma\/programs\/programme-classes-mma-ottawa\/' title='MMA'>MMA<\/a><\/h3><\/header><\/div><footer class=\"entry-footer\"><\/footer><\/article><\/div><\/div><\/div>\n<style type=\"text\/css\" data-created_by=\"avia_inline_auto\" id=\"style-css-av-av_hr-cdfdc8adfb4b2d73078af00d6ecbf0ad\">\n#top .hr.hr-invisible.av-av_hr-cdfdc8adfb4b2d73078af00d6ecbf0ad{\nheight:50px;\n}\n<\/style>\n<div  class='hr av-av_hr-cdfdc8adfb4b2d73078af00d6ecbf0ad hr-invisible  avia-builder-el-10  el_after_av_one_full  el_before_av_section  avia-builder-el-last  hide_mobile'><span class='hr-inner '><span class=\"hr-inner-style\"><\/span><\/span><\/div><\/p>\n<\/div><\/div><\/div><!-- close content main div --><\/div><\/div>\n<style type=\"text\/css\" data-created_by=\"avia_inline_auto\" id=\"style-css-av-av_section-14801d10260077ac0612ed9bfeecb905\">\n.avia-section.av-av_section-14801d10260077ac0612ed9bfeecb905 .av-parallax .av-parallax-inner{\nbackground-repeat:no-repeat;\nbackground-image:url(https:\/\/ottawa.patenaudemartialarts.com\/wp-content\/uploads\/sites\/6\/2016\/11\/Patenaude-Kick-1500x630.jpg);\nbackground-position:50% 0%;\nbackground-attachment:scroll;\n}\n.avia-section.av-av_section-14801d10260077ac0612ed9bfeecb905 .av-section-color-overlay{\nopacity:0.5;\nbackground-color:#000000;\n}\n<\/style>\n<div id='av_section_2'  class='avia-section av-av_section-14801d10260077ac0612ed9bfeecb905 alternate_color avia-section-no-padding avia-no-border-styling  avia-builder-el-11  el_after_av_hr  avia-builder-el-last  hide_bg_mobile av-parallax-section avia-bg-style-parallax av-section-color-overlay-active av-minimum-height av-minimum-height-custom av-height-custom  container_wrap sidebar_right'  data-section-bg-repeat='no-repeat' data-av_minimum_height_px='390'><div class='av-parallax' data-avia-parallax-ratio='0.3' ><div class='av-parallax-inner alternate_color avia-full-stretch'><\/div><\/div><div class=\"av-section-color-overlay-wrap\"><div class=\"av-section-color-overlay\"><\/div><div class='container av-section-cont-open' style='height:390px'><div class='template-page content  av-content-small alpha units'><div class='post-entry post-entry-type-page post-entry-541'><div class='entry-content-wrapper clearfix'>\n<section  class='av_textblock_section av-av_textblock-283972ea15f2e73870c23e2d6de3245d '   itemscope=\"itemscope\" itemtype=\"https:\/\/schema.org\/CreativeWork\" ><div class='avia_textblock'  itemprop=\"text\" ><h2 class=\"stroke_black\" style=\"text-align: center;\">Venez d\u00e9couvrir votre potentiel<\/h2>\n<h3 class=\"stroke_black\" style=\"text-align: center;\">Vous obtiendrez 7 jours de formation gratuits et sans obligation<br \/>\nNous vous garantissons votre satisfaction!<\/h3>\n<p style=\"text-align: center;\"><div  class='avia-button-wrap av-av_button-6dcc769c3db1ed96aba927f5cd460713-wrap avia-button-center  avia-builder-el-13  avia-builder-el-no-sibling  round-button'><a href='https:\/\/ottawa.patenaudemartialarts.com\/fr\/ottawa-arts-martiaux-kickboxing-mma\/passe-gratuite-ottawa-ecole-arts-martiaux-kickboxing-mma\/'  class='avia-button av-av_button-6dcc769c3db1ed96aba927f5cd460713 av-link-btn avia-icon_select-yes-left-icon avia-size-large avia-position-center avia-color-theme-color'   aria-label=\"R\u00e9clamez votre passe GRATUITE\"><span class='avia_button_icon avia_button_icon_left avia-iconfont avia-font-entypo-fontello' data-av_icon='\ue80c' data-av_iconfont='entypo-fontello' ><\/span><span class='avia_iconbox_title' >R\u00e9clamez votre passe GRATUITE<\/span><\/a><\/div><\/p>\n<\/div><\/section>\n<\/div><\/div><\/div><!-- close content main div --><\/div><\/div><\/div><div id='after_section_2'  class='main_color av_default_container_wrap container_wrap sidebar_right'  ><div class='container av-section-cont-open' ><div class='template-page content  av-content-small alpha units'><div class='post-entry post-entry-type-page post-entry-541'><div class='entry-content-wrapper clearfix'>\n","protected":false},"excerpt":{"rendered":"","protected":false},"author":1,"featured_media":0,"parent":340,"menu_order":0,"comment_status":"closed","ping_status":"closed","template":"","meta":{"footnotes":""},"class_list":["post-541","page","type-page","status-publish","hentry"],"yoast_head":"<!-- This site is optimized with the Yoast SEO plugin v27.1.1 - https:\/\/yoast.com\/product\/yoast-seo-wordpress\/ -->\n<title>OTTAWA KICKBOXING OTTAWA CLASSES KICKBOXING A OTTAWA ECOLE DE KICKBOXING OTTAWA KICKBOXING CLASSES<\/title>\n<meta name=\"description\" content=\"ECOLE DE MMA ART MARTIAUX MIXTES OTTAWA CHEZ PATENAUDE MIXED MARTIAL ARTS MMA OTTAWA\" \/>\n<meta name=\"robots\" content=\"index, follow, max-snippet:-1, max-image-preview:large, max-video-preview:-1\" \/>\n<link rel=\"canonical\" href=\"https:\/\/ottawa.patenaudemartialarts.com\/fr\/ottawa-arts-martiaux-kickboxing-mma\/programmes-ottawa-ecole-arts-martiaux-kickboxing-mma\/\" \/>\n<meta property=\"og:locale\" content=\"fr_FR\" \/>\n<meta property=\"og:type\" content=\"article\" \/>\n<meta property=\"og:title\" content=\"OTTAWA KICKBOXING OTTAWA CLASSES KICKBOXING A OTTAWA ECOLE DE KICKBOXING OTTAWA KICKBOXING CLASSES\" \/>\n<meta property=\"og:description\" content=\"ECOLE DE MMA ART MARTIAUX MIXTES OTTAWA CHEZ PATENAUDE MIXED MARTIAL ARTS MMA OTTAWA\" \/>\n<meta property=\"og:url\" content=\"https:\/\/ottawa.patenaudemartialarts.com\/fr\/ottawa-arts-martiaux-kickboxing-mma\/programmes-ottawa-ecole-arts-martiaux-kickboxing-mma\/\" \/>\n<meta property=\"og:site_name\" content=\"Ottawa Patenaude Martial Arts &amp; Fitness\" \/>\n<meta property=\"article:publisher\" content=\"https:\/\/www.facebook.com\/PatenaudeMartialArts\" \/>\n<meta property=\"article:modified_time\" content=\"2017-03-12T22:09:06+00:00\" \/>\n<meta name=\"twitter:card\" content=\"summary_large_image\" \/>\n<meta name=\"twitter:site\" content=\"@fangshendo\" \/>\n<meta name=\"twitter:label1\" content=\"Dur\u00e9e de lecture estim\u00e9e\" \/>\n\t<meta name=\"twitter:data1\" content=\"4 minutes\" \/>\n<script type=\"application\/ld+json\" class=\"yoast-schema-graph\">{\"@context\":\"https:\/\/schema.org\",\"@graph\":[{\"@type\":\"WebPage\",\"@id\":\"https:\/\/ottawa.patenaudemartialarts.com\/fr\/ottawa-arts-martiaux-kickboxing-mma\/programmes-ottawa-ecole-arts-martiaux-kickboxing-mma\/\",\"url\":\"https:\/\/ottawa.patenaudemartialarts.com\/fr\/ottawa-arts-martiaux-kickboxing-mma\/programmes-ottawa-ecole-arts-martiaux-kickboxing-mma\/\",\"name\":\"OTTAWA KICKBOXING OTTAWA CLASSES KICKBOXING A OTTAWA ECOLE DE KICKBOXING OTTAWA KICKBOXING CLASSES\",\"isPartOf\":{\"@id\":\"https:\/\/ottawa.patenaudemartialarts.tempurl.host\/#website\"},\"datePublished\":\"2017-03-12T22:02:55+00:00\",\"dateModified\":\"2017-03-12T22:09:06+00:00\",\"description\":\"ECOLE DE MMA ART MARTIAUX MIXTES OTTAWA CHEZ PATENAUDE MIXED MARTIAL ARTS MMA OTTAWA\",\"breadcrumb\":{\"@id\":\"https:\/\/ottawa.patenaudemartialarts.com\/fr\/ottawa-arts-martiaux-kickboxing-mma\/programmes-ottawa-ecole-arts-martiaux-kickboxing-mma\/#breadcrumb\"},\"inLanguage\":\"fr-FR\",\"potentialAction\":[{\"@type\":\"ReadAction\",\"target\":[\"https:\/\/ottawa.patenaudemartialarts.com\/fr\/ottawa-arts-martiaux-kickboxing-mma\/programmes-ottawa-ecole-arts-martiaux-kickboxing-mma\/\"]}]},{\"@type\":\"BreadcrumbList\",\"@id\":\"https:\/\/ottawa.patenaudemartialarts.com\/fr\/ottawa-arts-martiaux-kickboxing-mma\/programmes-ottawa-ecole-arts-martiaux-kickboxing-mma\/#breadcrumb\",\"itemListElement\":[{\"@type\":\"ListItem\",\"position\":1,\"name\":\"Home\",\"item\":\"https:\/\/ottawa.patenaudemartialarts.com\/fr\/ottawa-arts-martiaux-kickboxing-mma\/\"},{\"@type\":\"ListItem\",\"position\":2,\"name\":\"Accueil\",\"item\":\"https:\/\/ottawa.patenaudemartialarts.com\/fr\/ottawa-arts-martiaux-kickboxing-mma\/\"},{\"@type\":\"ListItem\",\"position\":3,\"name\":\"Programmes Populaires\"}]},{\"@type\":\"WebSite\",\"@id\":\"https:\/\/ottawa.patenaudemartialarts.tempurl.host\/#website\",\"url\":\"https:\/\/ottawa.patenaudemartialarts.tempurl.host\/\",\"name\":\"Ottawa Patenaude Martial Arts &amp; Fitness\",\"description\":\"ottawa-arts-martiaux-kickboxing-mma\",\"potentialAction\":[{\"@type\":\"SearchAction\",\"target\":{\"@type\":\"EntryPoint\",\"urlTemplate\":\"https:\/\/ottawa.patenaudemartialarts.tempurl.host\/?s={search_term_string}\"},\"query-input\":{\"@type\":\"PropertyValueSpecification\",\"valueRequired\":true,\"valueName\":\"search_term_string\"}}],\"inLanguage\":\"fr-FR\"}]}<\/script>\n<!-- \/ Yoast SEO plugin. -->","yoast_head_json":{"title":"OTTAWA KICKBOXING OTTAWA CLASSES KICKBOXING A OTTAWA ECOLE DE KICKBOXING OTTAWA KICKBOXING CLASSES","description":"ECOLE DE MMA ART MARTIAUX MIXTES OTTAWA CHEZ PATENAUDE MIXED MARTIAL ARTS MMA OTTAWA","robots":{"index":"index","follow":"follow","max-snippet":"max-snippet:-1","max-image-preview":"max-image-preview:large","max-video-preview":"max-video-preview:-1"},"canonical":"https:\/\/ottawa.patenaudemartialarts.com\/fr\/ottawa-arts-martiaux-kickboxing-mma\/programmes-ottawa-ecole-arts-martiaux-kickboxing-mma\/","og_locale":"fr_FR","og_type":"article","og_title":"OTTAWA KICKBOXING OTTAWA CLASSES KICKBOXING A OTTAWA ECOLE DE KICKBOXING OTTAWA KICKBOXING CLASSES","og_description":"ECOLE DE MMA ART MARTIAUX MIXTES OTTAWA CHEZ PATENAUDE MIXED MARTIAL ARTS MMA OTTAWA","og_url":"https:\/\/ottawa.patenaudemartialarts.com\/fr\/ottawa-arts-martiaux-kickboxing-mma\/programmes-ottawa-ecole-arts-martiaux-kickboxing-mma\/","og_site_name":"Ottawa Patenaude Martial Arts &amp; Fitness","article_publisher":"https:\/\/www.facebook.com\/PatenaudeMartialArts","article_modified_time":"2017-03-12T22:09:06+00:00","twitter_card":"summary_large_image","twitter_site":"@fangshendo","twitter_misc":{"Dur\u00e9e de lecture estim\u00e9e":"4 minutes"},"schema":{"@context":"https:\/\/schema.org","@graph":[{"@type":"WebPage","@id":"https:\/\/ottawa.patenaudemartialarts.com\/fr\/ottawa-arts-martiaux-kickboxing-mma\/programmes-ottawa-ecole-arts-martiaux-kickboxing-mma\/","url":"https:\/\/ottawa.patenaudemartialarts.com\/fr\/ottawa-arts-martiaux-kickboxing-mma\/programmes-ottawa-ecole-arts-martiaux-kickboxing-mma\/","name":"OTTAWA KICKBOXING OTTAWA CLASSES KICKBOXING A OTTAWA ECOLE DE KICKBOXING OTTAWA KICKBOXING CLASSES","isPartOf":{"@id":"https:\/\/ottawa.patenaudemartialarts.tempurl.host\/#website"},"datePublished":"2017-03-12T22:02:55+00:00","dateModified":"2017-03-12T22:09:06+00:00","description":"ECOLE DE MMA ART MARTIAUX MIXTES OTTAWA CHEZ PATENAUDE MIXED MARTIAL ARTS MMA OTTAWA","breadcrumb":{"@id":"https:\/\/ottawa.patenaudemartialarts.com\/fr\/ottawa-arts-martiaux-kickboxing-mma\/programmes-ottawa-ecole-arts-martiaux-kickboxing-mma\/#breadcrumb"},"inLanguage":"fr-FR","potentialAction":[{"@type":"ReadAction","target":["https:\/\/ottawa.patenaudemartialarts.com\/fr\/ottawa-arts-martiaux-kickboxing-mma\/programmes-ottawa-ecole-arts-martiaux-kickboxing-mma\/"]}]},{"@type":"BreadcrumbList","@id":"https:\/\/ottawa.patenaudemartialarts.com\/fr\/ottawa-arts-martiaux-kickboxing-mma\/programmes-ottawa-ecole-arts-martiaux-kickboxing-mma\/#breadcrumb","itemListElement":[{"@type":"ListItem","position":1,"name":"Home","item":"https:\/\/ottawa.patenaudemartialarts.com\/fr\/ottawa-arts-martiaux-kickboxing-mma\/"},{"@type":"ListItem","position":2,"name":"Accueil","item":"https:\/\/ottawa.patenaudemartialarts.com\/fr\/ottawa-arts-martiaux-kickboxing-mma\/"},{"@type":"ListItem","position":3,"name":"Programmes Populaires"}]},{"@type":"WebSite","@id":"https:\/\/ottawa.patenaudemartialarts.tempurl.host\/#website","url":"https:\/\/ottawa.patenaudemartialarts.tempurl.host\/","name":"Ottawa Patenaude Martial Arts &amp; Fitness","description":"ottawa-arts-martiaux-kickboxing-mma","potentialAction":[{"@type":"SearchAction","target":{"@type":"EntryPoint","urlTemplate":"https:\/\/ottawa.patenaudemartialarts.tempurl.host\/?s={search_term_string}"},"query-input":{"@type":"PropertyValueSpecification","valueRequired":true,"valueName":"search_term_string"}}],"inLanguage":"fr-FR"}]}},"_links":{"self":[{"href":"https:\/\/ottawa.patenaudemartialarts.com\/fr\/wp-json\/wp\/v2\/pages\/541","targetHints":{"allow":["GET"]}}],"collection":[{"href":"https:\/\/ottawa.patenaudemartialarts.com\/fr\/wp-json\/wp\/v2\/pages"}],"about":[{"href":"https:\/\/ottawa.patenaudemartialarts.com\/fr\/wp-json\/wp\/v2\/types\/page"}],"author":[{"embeddable":true,"href":"https:\/\/ottawa.patenaudemartialarts.com\/fr\/wp-json\/wp\/v2\/users\/1"}],"replies":[{"embeddable":true,"href":"https:\/\/ottawa.patenaudemartialarts.com\/fr\/wp-json\/wp\/v2\/comments?post=541"}],"version-history":[{"count":0,"href":"https:\/\/ottawa.patenaudemartialarts.com\/fr\/wp-json\/wp\/v2\/pages\/541\/revisions"}],"up":[{"embeddable":true,"href":"https:\/\/ottawa.patenaudemartialarts.com\/fr\/wp-json\/wp\/v2\/pages\/340"}],"wp:attachment":[{"href":"https:\/\/ottawa.patenaudemartialarts.com\/fr\/wp-json\/wp\/v2\/media?parent=541"}],"curies":[{"name":"wp","href":"https:\/\/api.w.org\/{rel}","templated":true}]}}