{"id":351,"date":"2017-01-14T18:11:18","date_gmt":"2017-01-14T23:11:18","guid":{"rendered":"http:\/\/orleans.patenaudemartialarts.com\/?page_id=351\/"},"modified":"2024-02-28T18:16:36","modified_gmt":"2024-02-28T23:16:36","slug":"passe-gratuite-ottawa-ecole-arts-martiaux-kickboxing-mma","status":"publish","type":"page","link":"https:\/\/ottawa.patenaudemartialarts.com\/fr\/ottawa-arts-martiaux-kickboxing-mma\/passe-gratuite-ottawa-ecole-arts-martiaux-kickboxing-mma\/","title":{"rendered":"Passe gratuite de 7 jours"},"content":{"rendered":"\n<style type=\"text\/css\" data-created_by=\"avia_inline_auto\" id=\"style-css-av-1x1tgv-845be35b41ff86e1e8fdb7950d4815a9\">\n.avia-section.av-1x1tgv-845be35b41ff86e1e8fdb7950d4815a9 .av-section-color-overlay{\nopacity:1;\nbackground-image:url(https:\/\/ottawa.patenaudemartialarts.com\/wp-content\/themes\/enfold\/images\/background-images\/wool-diagonal-for-light-background.png);\nbackground-repeat:repeat;\n}\n<\/style>\n<div id='av_section_1'  class='avia-section av-1x1tgv-845be35b41ff86e1e8fdb7950d4815a9 main_color avia-section-default avia-no-shadow  avia-builder-el-0  el_before_av_one_half  avia-builder-el-first  avia-bg-style-scroll av-section-color-overlay-active container_wrap sidebar_right'  ><div class=\"av-section-color-overlay-wrap\"><div class=\"av-section-color-overlay\"><\/div><div class='container av-section-cont-open' ><main  role=\"main\" itemprop=\"mainContentOfPage\"  class='template-page content  av-content-small alpha units'><div class='post-entry post-entry-type-page post-entry-351'><div class='entry-content-wrapper clearfix'>\n\n<style type=\"text\/css\" data-created_by=\"avia_inline_auto\" id=\"style-css-av-1sza07-6130229fa14a1fddebe2882a9e51c49b\">\n#top .av-special-heading.av-1sza07-6130229fa14a1fddebe2882a9e51c49b{\npadding-bottom:0;\n}\nbody .av-special-heading.av-1sza07-6130229fa14a1fddebe2882a9e51c49b .av-special-heading-tag .heading-char{\nfont-size:25px;\n}\n.av-special-heading.av-1sza07-6130229fa14a1fddebe2882a9e51c49b .av-subheading{\nfont-size:15px;\n}\n<\/style>\n<div  class='av-special-heading av-1sza07-6130229fa14a1fddebe2882a9e51c49b av-special-heading-h1 blockquote modern-quote  avia-builder-el-1  avia-builder-el-no-sibling '><h1 class='av-special-heading-tag '  itemprop=\"headline\"  >R\u00c9CLAMEZ UNE PASSE GRATUITE DE 7 JOURS!<\/h1><div class=\"special-heading-border\"><div class=\"special-heading-inner-border\"><\/div><\/div><\/div>\n<\/div><\/div><\/main><!-- close content main element --><\/div><\/div><\/div><div id='after_section_1'  class='main_color av_default_container_wrap container_wrap sidebar_right'  ><div class='container av-section-cont-open' ><div class='template-page content  av-content-small alpha units'><div class='post-entry post-entry-type-page post-entry-351'><div class='entry-content-wrapper clearfix'>\n\n<style type=\"text\/css\" data-created_by=\"avia_inline_auto\" id=\"style-css-av-1i7w0n-ca9fdc2f3b9421d749d8411a3e953cbf\">\n.flex_column.av-1i7w0n-ca9fdc2f3b9421d749d8411a3e953cbf{\nborder-radius:0px 0px 0px 0px;\npadding:0px 0px 0px 0px;\n}\n<\/style>\n<div  class='flex_column av-1i7w0n-ca9fdc2f3b9421d749d8411a3e953cbf av_one_half  avia-builder-el-2  el_after_av_section  el_before_av_one_half  avia-builder-el-first  first flex_column_div av-zero-column-padding  '     ><section  class='av_textblock_section av-1fgvz3-6192425895264e645e617e2e76747aeb '   itemscope=\"itemscope\" itemtype=\"https:\/\/schema.org\/CreativeWork\" ><div class='avia_textblock'  itemprop=\"text\" ><p><span style=\"font-weight: 400;\">Essayez l\u2019un de nos programmes incroyables de votre choix gratuitement! Laissez-nous vous montrer pourquoi <strong>nous sommes l\u2019\u00e9cole de fitness et d\u2019arts martiaux #1<\/strong>!<\/span><\/p>\n<p><span style=\"font-weight: 400;\">Enfants ou adultes &#8211; nous avons des classes pour tout le monde! Vous n\u2019avez qu\u2019\u00e0 remplir le formulaire ci-joint, choisir votre r\u00e9gion et un de nos instructeurs qualifi\u00e9s vous appellera dans un d\u00e9lai de 24 heures pour vous pr\u00e9parer \u00e0 votre premi\u00e8re classe. <\/span><\/p>\n<p style=\"text-align: center;\"><strong>Oui, 24 heures.<br \/>\n<\/strong>Nous sommes tr\u00e8s s\u00e9rieux lorsqu\u2019il s\u2019agit d\u2019arts martiaux et de vous voir atteindre certains des objectifs que vous vous \u00eates fix\u00e9s.<\/p>\n<p style=\"text-align: justify;\"><span style=\"font-weight: 400;\">Si vous n\u2019\u00eates pas encore certains du domaine dans lequel vous voulez vous concentrer, pourquoi ne pas essayer un peu de tout? Essayez notre passe tout-acc\u00e8s qui vous permet d\u2019exp\u00e9rimenter dans tous nos programmes pour une semaine au complet, GRATUITEMENT!<\/span><\/p>\n<p style=\"text-align: justify;\"><span style=\"font-weight: 400;\">De cette fa\u00e7on, vous \u00eates assur\u00e9s de ne manquer aucun des programmes que nous offrons et \u00e7a vous permet de d\u00e9couvrir exactement o\u00f9 vous voulez investir votre temps. <\/span><\/p>\n<\/div><\/section><\/div>\n\n<style type=\"text\/css\" data-created_by=\"avia_inline_auto\" id=\"style-css-av-16jlm7-ffa74877bce224fa1b1c0f69fd2e52b9\">\n.flex_column.av-16jlm7-ffa74877bce224fa1b1c0f69fd2e52b9{\nborder-radius:0px 0px 0px 0px;\npadding:0px 0px 0px 0px;\n}\n<\/style>\n<div  class='flex_column av-16jlm7-ffa74877bce224fa1b1c0f69fd2e52b9 av_one_half  avia-builder-el-4  el_after_av_one_half  avia-builder-el-last  flex_column_div av-zero-column-padding  '     ><section  class='av_textblock_section av-15b6un-b18e1f1281901ab0764d85f82a27a14b '   itemscope=\"itemscope\" itemtype=\"https:\/\/schema.org\/CreativeWork\" ><div class='avia_textblock'  itemprop=\"text\" ><h3 style=\"text-align: center;\">Formulaire de demande<\/h3>\n<\/div><\/section><br \/>\n<\/p><\/div>\n","protected":false},"excerpt":{"rendered":"","protected":false},"author":1,"featured_media":0,"parent":340,"menu_order":0,"comment_status":"closed","ping_status":"closed","template":"","meta":{"footnotes":""},"class_list":["post-351","page","type-page","status-publish","hentry"],"yoast_head":"<!-- This site is optimized with the Yoast SEO plugin v27.3 - https:\/\/yoast.com\/product\/yoast-seo-wordpress\/ -->\n<title>PASSE GRATUITE - PROMOTION - ARTS MARTIAUX OTTAWA MMA KICKBOXING OTTAWA RABAIS PROMOTIONEL<\/title>\n<meta name=\"description\" content=\"OBTENEZ VOTRE PASSE GRATUITE DE 7 JOURS - PROMOTION OFFERTE PAR PATENAUDE MARTIAL ARTS OTTAWA\" \/>\n<meta name=\"robots\" content=\"index, follow, max-snippet:-1, max-image-preview:large, max-video-preview:-1\" \/>\n<link rel=\"canonical\" href=\"https:\/\/ottawa.patenaudemartialarts.com\/fr\/ottawa-arts-martiaux-kickboxing-mma\/passe-gratuite-ottawa-ecole-arts-martiaux-kickboxing-mma\/\" \/>\n<meta property=\"og:locale\" content=\"fr_FR\" \/>\n<meta property=\"og:type\" content=\"article\" \/>\n<meta property=\"og:title\" content=\"PASSE GRATUITE - PROMOTION - ARTS MARTIAUX OTTAWA MMA KICKBOXING OTTAWA RABAIS PROMOTIONEL\" \/>\n<meta property=\"og:description\" content=\"OBTENEZ VOTRE PASSE GRATUITE DE 7 JOURS - PROMOTION OFFERTE PAR PATENAUDE MARTIAL ARTS OTTAWA\" \/>\n<meta property=\"og:url\" content=\"https:\/\/ottawa.patenaudemartialarts.com\/fr\/ottawa-arts-martiaux-kickboxing-mma\/passe-gratuite-ottawa-ecole-arts-martiaux-kickboxing-mma\/\" \/>\n<meta property=\"og:site_name\" content=\"Ottawa Patenaude Martial Arts &amp; Fitness\" \/>\n<meta property=\"article:publisher\" content=\"https:\/\/www.facebook.com\/PatenaudeMartialArts\" \/>\n<meta property=\"article:modified_time\" content=\"2024-02-28T23:16:36+00:00\" \/>\n<meta name=\"twitter:card\" content=\"summary_large_image\" \/>\n<meta name=\"twitter:site\" content=\"@fangshendo\" \/>\n<meta name=\"twitter:label1\" content=\"Dur\u00e9e de lecture estim\u00e9e\" \/>\n\t<meta name=\"twitter:data1\" content=\"1 minute\" \/>\n<script type=\"application\/ld+json\" class=\"yoast-schema-graph\">{\"@context\":\"https:\\\/\\\/schema.org\",\"@graph\":[{\"@type\":\"WebPage\",\"@id\":\"https:\\\/\\\/ottawa.patenaudemartialarts.com\\\/fr\\\/ottawa-arts-martiaux-kickboxing-mma\\\/passe-gratuite-ottawa-ecole-arts-martiaux-kickboxing-mma\\\/\",\"url\":\"https:\\\/\\\/ottawa.patenaudemartialarts.com\\\/fr\\\/ottawa-arts-martiaux-kickboxing-mma\\\/passe-gratuite-ottawa-ecole-arts-martiaux-kickboxing-mma\\\/\",\"name\":\"PASSE GRATUITE - PROMOTION - ARTS MARTIAUX OTTAWA MMA KICKBOXING OTTAWA RABAIS PROMOTIONEL\",\"isPartOf\":{\"@id\":\"https:\\\/\\\/ottawa.patenaudemartialarts.tempurl.host\\\/#website\"},\"datePublished\":\"2017-01-14T23:11:18+00:00\",\"dateModified\":\"2024-02-28T23:16:36+00:00\",\"description\":\"OBTENEZ VOTRE PASSE GRATUITE DE 7 JOURS - PROMOTION OFFERTE PAR PATENAUDE MARTIAL ARTS OTTAWA\",\"breadcrumb\":{\"@id\":\"https:\\\/\\\/ottawa.patenaudemartialarts.com\\\/fr\\\/ottawa-arts-martiaux-kickboxing-mma\\\/passe-gratuite-ottawa-ecole-arts-martiaux-kickboxing-mma\\\/#breadcrumb\"},\"inLanguage\":\"fr-FR\",\"potentialAction\":[{\"@type\":\"ReadAction\",\"target\":[\"https:\\\/\\\/ottawa.patenaudemartialarts.com\\\/fr\\\/ottawa-arts-martiaux-kickboxing-mma\\\/passe-gratuite-ottawa-ecole-arts-martiaux-kickboxing-mma\\\/\"]}]},{\"@type\":\"BreadcrumbList\",\"@id\":\"https:\\\/\\\/ottawa.patenaudemartialarts.com\\\/fr\\\/ottawa-arts-martiaux-kickboxing-mma\\\/passe-gratuite-ottawa-ecole-arts-martiaux-kickboxing-mma\\\/#breadcrumb\",\"itemListElement\":[{\"@type\":\"ListItem\",\"position\":1,\"name\":\"Home\",\"item\":\"https:\\\/\\\/ottawa.patenaudemartialarts.com\\\/fr\\\/ottawa-arts-martiaux-kickboxing-mma\\\/\"},{\"@type\":\"ListItem\",\"position\":2,\"name\":\"Accueil\",\"item\":\"https:\\\/\\\/ottawa.patenaudemartialarts.com\\\/fr\\\/ottawa-arts-martiaux-kickboxing-mma\\\/\"},{\"@type\":\"ListItem\",\"position\":3,\"name\":\"Passe gratuite de 7 jours\"}]},{\"@type\":\"WebSite\",\"@id\":\"https:\\\/\\\/ottawa.patenaudemartialarts.tempurl.host\\\/#website\",\"url\":\"https:\\\/\\\/ottawa.patenaudemartialarts.tempurl.host\\\/\",\"name\":\"Ottawa Patenaude Martial Arts &amp; Fitness\",\"description\":\"ottawa-arts-martiaux-kickboxing-mma\",\"potentialAction\":[{\"@type\":\"SearchAction\",\"target\":{\"@type\":\"EntryPoint\",\"urlTemplate\":\"https:\\\/\\\/ottawa.patenaudemartialarts.tempurl.host\\\/?s={search_term_string}\"},\"query-input\":{\"@type\":\"PropertyValueSpecification\",\"valueRequired\":true,\"valueName\":\"search_term_string\"}}],\"inLanguage\":\"fr-FR\"}]}<\/script>\n<!-- \/ Yoast SEO plugin. -->","yoast_head_json":{"title":"PASSE GRATUITE - PROMOTION - ARTS MARTIAUX OTTAWA MMA KICKBOXING OTTAWA RABAIS PROMOTIONEL","description":"OBTENEZ VOTRE PASSE GRATUITE DE 7 JOURS - PROMOTION OFFERTE PAR PATENAUDE MARTIAL ARTS OTTAWA","robots":{"index":"index","follow":"follow","max-snippet":"max-snippet:-1","max-image-preview":"max-image-preview:large","max-video-preview":"max-video-preview:-1"},"canonical":"https:\/\/ottawa.patenaudemartialarts.com\/fr\/ottawa-arts-martiaux-kickboxing-mma\/passe-gratuite-ottawa-ecole-arts-martiaux-kickboxing-mma\/","og_locale":"fr_FR","og_type":"article","og_title":"PASSE GRATUITE - PROMOTION - ARTS MARTIAUX OTTAWA MMA KICKBOXING OTTAWA RABAIS PROMOTIONEL","og_description":"OBTENEZ VOTRE PASSE GRATUITE DE 7 JOURS - PROMOTION OFFERTE PAR PATENAUDE MARTIAL ARTS OTTAWA","og_url":"https:\/\/ottawa.patenaudemartialarts.com\/fr\/ottawa-arts-martiaux-kickboxing-mma\/passe-gratuite-ottawa-ecole-arts-martiaux-kickboxing-mma\/","og_site_name":"Ottawa Patenaude Martial Arts &amp; Fitness","article_publisher":"https:\/\/www.facebook.com\/PatenaudeMartialArts","article_modified_time":"2024-02-28T23:16:36+00:00","twitter_card":"summary_large_image","twitter_site":"@fangshendo","twitter_misc":{"Dur\u00e9e de lecture estim\u00e9e":"1 minute"},"schema":{"@context":"https:\/\/schema.org","@graph":[{"@type":"WebPage","@id":"https:\/\/ottawa.patenaudemartialarts.com\/fr\/ottawa-arts-martiaux-kickboxing-mma\/passe-gratuite-ottawa-ecole-arts-martiaux-kickboxing-mma\/","url":"https:\/\/ottawa.patenaudemartialarts.com\/fr\/ottawa-arts-martiaux-kickboxing-mma\/passe-gratuite-ottawa-ecole-arts-martiaux-kickboxing-mma\/","name":"PASSE GRATUITE - PROMOTION - ARTS MARTIAUX OTTAWA MMA KICKBOXING OTTAWA RABAIS PROMOTIONEL","isPartOf":{"@id":"https:\/\/ottawa.patenaudemartialarts.tempurl.host\/#website"},"datePublished":"2017-01-14T23:11:18+00:00","dateModified":"2024-02-28T23:16:36+00:00","description":"OBTENEZ VOTRE PASSE GRATUITE DE 7 JOURS - PROMOTION OFFERTE PAR PATENAUDE MARTIAL ARTS OTTAWA","breadcrumb":{"@id":"https:\/\/ottawa.patenaudemartialarts.com\/fr\/ottawa-arts-martiaux-kickboxing-mma\/passe-gratuite-ottawa-ecole-arts-martiaux-kickboxing-mma\/#breadcrumb"},"inLanguage":"fr-FR","potentialAction":[{"@type":"ReadAction","target":["https:\/\/ottawa.patenaudemartialarts.com\/fr\/ottawa-arts-martiaux-kickboxing-mma\/passe-gratuite-ottawa-ecole-arts-martiaux-kickboxing-mma\/"]}]},{"@type":"BreadcrumbList","@id":"https:\/\/ottawa.patenaudemartialarts.com\/fr\/ottawa-arts-martiaux-kickboxing-mma\/passe-gratuite-ottawa-ecole-arts-martiaux-kickboxing-mma\/#breadcrumb","itemListElement":[{"@type":"ListItem","position":1,"name":"Home","item":"https:\/\/ottawa.patenaudemartialarts.com\/fr\/ottawa-arts-martiaux-kickboxing-mma\/"},{"@type":"ListItem","position":2,"name":"Accueil","item":"https:\/\/ottawa.patenaudemartialarts.com\/fr\/ottawa-arts-martiaux-kickboxing-mma\/"},{"@type":"ListItem","position":3,"name":"Passe gratuite de 7 jours"}]},{"@type":"WebSite","@id":"https:\/\/ottawa.patenaudemartialarts.tempurl.host\/#website","url":"https:\/\/ottawa.patenaudemartialarts.tempurl.host\/","name":"Ottawa Patenaude Martial Arts &amp; Fitness","description":"ottawa-arts-martiaux-kickboxing-mma","potentialAction":[{"@type":"SearchAction","target":{"@type":"EntryPoint","urlTemplate":"https:\/\/ottawa.patenaudemartialarts.tempurl.host\/?s={search_term_string}"},"query-input":{"@type":"PropertyValueSpecification","valueRequired":true,"valueName":"search_term_string"}}],"inLanguage":"fr-FR"}]}},"_links":{"self":[{"href":"https:\/\/ottawa.patenaudemartialarts.com\/fr\/wp-json\/wp\/v2\/pages\/351","targetHints":{"allow":["GET"]}}],"collection":[{"href":"https:\/\/ottawa.patenaudemartialarts.com\/fr\/wp-json\/wp\/v2\/pages"}],"about":[{"href":"https:\/\/ottawa.patenaudemartialarts.com\/fr\/wp-json\/wp\/v2\/types\/page"}],"author":[{"embeddable":true,"href":"https:\/\/ottawa.patenaudemartialarts.com\/fr\/wp-json\/wp\/v2\/users\/1"}],"replies":[{"embeddable":true,"href":"https:\/\/ottawa.patenaudemartialarts.com\/fr\/wp-json\/wp\/v2\/comments?post=351"}],"version-history":[{"count":0,"href":"https:\/\/ottawa.patenaudemartialarts.com\/fr\/wp-json\/wp\/v2\/pages\/351\/revisions"}],"up":[{"embeddable":true,"href":"https:\/\/ottawa.patenaudemartialarts.com\/fr\/wp-json\/wp\/v2\/pages\/340"}],"wp:attachment":[{"href":"https:\/\/ottawa.patenaudemartialarts.com\/fr\/wp-json\/wp\/v2\/media?parent=351"}],"curies":[{"name":"wp","href":"https:\/\/api.w.org\/{rel}","templated":true}]}}